{"id":100,"date":"2026-01-11T18:09:31","date_gmt":"2026-01-11T18:09:31","guid":{"rendered":"https:\/\/cislpo.it\/wp\/?page_id=100"},"modified":"2026-01-11T18:14:34","modified_gmt":"2026-01-11T18:14:34","slug":"100-2","status":"publish","type":"page","link":"https:\/\/cislpo.it\/wp\/?page_id=100","title":{"rendered":"Chi Siamo"},"content":{"rendered":"<p>[et_pb_section fb_built=&#8221;1&#8243; theme_builder_area=&#8221;post_content&#8221; _builder_version=&#8221;4.27.5&#8243; _module_preset=&#8221;default&#8221;][et_pb_row _builder_version=&#8221;4.27.5&#8243; _module_preset=&#8221;default&#8221; theme_builder_area=&#8221;post_content&#8221;][et_pb_column _builder_version=&#8221;4.27.5&#8243; _module_preset=&#8221;default&#8221; type=&#8221;4_4&#8243; theme_builder_area=&#8221;post_content&#8221;][et_pb_text _builder_version=&#8221;4.27.5&#8243; _module_preset=&#8221;default&#8221; theme_builder_area=&#8221;post_content&#8221; hover_enabled=&#8221;0&#8243; sticky_enabled=&#8221;0&#8243;]<\/p>\n<h3 style=\"text-align: justify;\">La CISL Piemonte Orientale nasce nel marzo 2013 dalla fusione delle quattro strutture provinciali di Biella, Novara, Verbania e Vercelli.<\/h3>\n<p style=\"text-align: justify;\">Essa conta oltre 68000 iscritti ed \u00e8 presente capillarmente sul suo territorio e profonde il suo impegno per dar giusta voce e risposte concrete a lavoratori, pensionati, cittadini, extracomunitari.<\/p>\n<p style=\"text-align: justify;\">la Cisl \u00e8 un grande sindacato confederale fondato su principi di libert\u00e0, giustizia, partecipazione, responsabilit\u00e0, autonomia, fedele ai valori del cattolicesimo democratico e del riformismo laico. Mantenendo ferme queste caratteristiche e le idee lungimiranti dei &#8220;padri fondatori&#8221;, la Cisl \u00e8 divenuta una forza sociale sempre pi\u00f9 determinante e centrale nella vita economica e sociale del Paese, allargando la sua influenza e guadagnando consenso fra i lavoratori e i cittadini.<\/p>\n<p style=\"text-align: justify;\">Le strutture di territorio, le categorie, i militanti e i quadri della Cisl sono oggi presenti in ogni luogo di lavoro, in ogni comunit\u00e0 regionale o locale. Le sedi della Cisl sono frequentate dai soci che tramite la tessere hanno accesso gratuito ai servizi e alle convenzioni ma anche da tanti cittadini che si rivolgono al sindacato per essere tutelati nei loro diritti e aiutati come persone. Sono lavoratori dipendenti, pensionati, giovani, anziani, casalinghe, immigrati. Trovano accoglienza, assistenza, orientamento anche inquilini, consumatori, contribuenti, studenti che vogliono accedere all&#8217;impiego o adulti che vi tornano. Godono di uno spazio privilegiato di confronto, aggregazione, solidariet\u00e0 senza barriere o esclusioni partitiche, religiose, culturali.<\/p>\n<p style=\"text-align: justify;\">La Cisl \u00e8 un sindacato non dipendente da alcun potere politico, istituzionale, economico, ideologico, che tale intende rimanere e fa affidamento esclusivo sulle proprie risorse. La sua ragion d&#8217;essere prioritaria \u00e8 la difesa e l&#8217;avanzamento del lavoro, come leva di promozione umana e civile: lavoro salvaguardato nella sua dignit\u00e0, nelle sue condizioni salariali, normative, professionali; lavoro buono e duraturo, che sia per tutti veicolo di benessere e di cittadinanza.<br \/>\nForte dell&#8217;idea che la dimensione sociale viene prima di quella politica ed \u00e8 da questa autonoma, la Cisl si oppone ai tentativi di limitare l&#8217;associazione sindacale con vincoli legislativi o giuridici, affermando la libera negoziazione tra le parti e la effettiva esigibilit\u00e0 dei contratti collettivi firmati dalle confederazioni maggioritarie.<\/p>\n<p style=\"text-align: justify;\">La Cisl \u00e8 impegnata oggi in un grande cambiamento organizzativo per riavvicinare il sindacato ai posti di lavoro, pi\u00f9 vicino alle esigenze dei lavoratori, attraverso una valorizzazione del ruolo di migliaia di delegati e rappresentanti sindacali di base. Per la Cisl rimane centrale l&#8217;attivit\u00e0 di contrattazione nazionale e di secondo livello, la contrattazione sociale nei territori grazie alla partecipazione diretta dei lavoratori.<br \/>\nUn nuovo modello di sindacato responsabile, partecipativo, popolare che risponda alla sfida della competitivit\u00e0 e dello sviluppo nell&#8217;era del mercato globale.<\/p>\n<p style=\"text-align: justify;\">Vogliamo farvi participi della nostra storia e dei nostri principi ispiratori<\/p>\n<p style=\"text-align: justify;\">\u00a0<img loading=\"lazy\" decoding=\"async\" class=\"alignnone size-full wp-image-2378\" src=\"https:\/\/cislpiemonteorientale.it\/wp-content\/uploads\/2016\/03\/puntocisl32t.gif\" alt=\"puntocisl32t\" width=\"32\" height=\"32\" \/>\u00a0 <a href=\"https:\/\/cislpiemonteorientale.it\/wp-content\/uploads\/2016\/04\/StoriaCisl.pdf\">la nostra storia e i nostri principi<\/a><\/p>\n<p>[\/et_pb_text][\/et_pb_column][\/et_pb_row][\/et_pb_section]<\/p>\n","protected":false},"excerpt":{"rendered":"<p>La CISL Piemonte Orientale nasce nel marzo 2013 dalla fusione delle quattro strutture provinciali di Biella, Novara, Verbania e Vercelli. Essa conta oltre 68000 iscritti ed \u00e8 presente capillarmente sul suo territorio e profonde il suo impegno per dar giusta voce e risposte concrete a lavoratori, pensionati, cittadini, extracomunitari. la Cisl \u00e8 un grande sindacato [&hellip;]<\/p>\n","protected":false},"author":1,"featured_media":0,"parent":0,"menu_order":0,"comment_status":"closed","ping_status":"closed","template":"","meta":{"_et_pb_use_builder":"on","_et_pb_old_content":"","_et_gb_content_width":"","pagelayer_contact_templates":[],"_pagelayer_content":"","footnotes":""},"class_list":["post-100","page","type-page","status-publish","hentry"],"_links":{"self":[{"href":"https:\/\/cislpo.it\/wp\/index.php?rest_route=\/wp\/v2\/pages\/100","targetHints":{"allow":["GET"]}}],"collection":[{"href":"https:\/\/cislpo.it\/wp\/index.php?rest_route=\/wp\/v2\/pages"}],"about":[{"href":"https:\/\/cislpo.it\/wp\/index.php?rest_route=\/wp\/v2\/types\/page"}],"author":[{"embeddable":true,"href":"https:\/\/cislpo.it\/wp\/index.php?rest_route=\/wp\/v2\/users\/1"}],"replies":[{"embeddable":true,"href":"https:\/\/cislpo.it\/wp\/index.php?rest_route=%2Fwp%2Fv2%2Fcomments&post=100"}],"version-history":[{"count":3,"href":"https:\/\/cislpo.it\/wp\/index.php?rest_route=\/wp\/v2\/pages\/100\/revisions"}],"predecessor-version":[{"id":104,"href":"https:\/\/cislpo.it\/wp\/index.php?rest_route=\/wp\/v2\/pages\/100\/revisions\/104"}],"wp:attachment":[{"href":"https:\/\/cislpo.it\/wp\/index.php?rest_route=%2Fwp%2Fv2%2Fmedia&parent=100"}],"curies":[{"name":"wp","href":"https:\/\/api.w.org\/{rel}","templated":true}]}}